{"id":3247,"date":"2025-05-15T10:11:55","date_gmt":"2025-05-15T14:11:55","guid":{"rendered":"https:\/\/trekfit.ca\/legal\/"},"modified":"2026-04-01T11:13:35","modified_gmt":"2026-04-01T15:13:35","slug":"legal","status":"publish","type":"page","link":"https:\/\/trekfit.ca\/fr\/legal\/","title":{"rendered":"L\u00e9gal"},"content":{"rendered":"<p data-start=\"131\" data-end=\"555\">Bienvenue sur le site web de TREKFIT. En continuant \u00e0 naviguer et \u00e0 utiliser ce site et l&rsquo;application mobile TREKFIT, vous acceptez de respecter et d\u2019\u00eatre li\u00e9 par les conditions g\u00e9n\u00e9rales d\u2019utilisation ci-dessous, qui, conjointement avec notre politique de confidentialit\u00e9, r\u00e9gissent la relation entre TREKFIT et vous en ce qui concerne ce site. Si vous n\u2019\u00eates pas d\u2019accord avec une partie quelconque de ces conditions, veuillez ne pas utiliser notre site.<\/p>\n<p data-start=\"557\" data-end=\"797\">Le terme \u00ab TREKFIT \u00bb, \u00ab nous \u00bb ou \u00ab notre \u00bb fait r\u00e9f\u00e9rence au propri\u00e9taire du site web et de l&rsquo;application mobile, dont le si\u00e8ge social est situ\u00e9 au 7000, boul. Industriel, Chambly (Qu\u00e9bec) J3L 4X3. Le terme \u00ab vous \u00bb d\u00e9signe l\u2019utilisateur ou le visiteur de notre site et application.<\/p>\n<p data-start=\"799\" data-end=\"862\">L\u2019utilisation de ce site et application est soumise aux conditions suivantes :<\/p>\n<ul data-start=\"864\" data-end=\"2825\">\n<li data-start=\"864\" data-end=\"988\">\n<p data-start=\"866\" data-end=\"988\">Le contenu des pages de ce site et application est fourni \u00e0 titre d\u2019information g\u00e9n\u00e9rale uniquement. Il peut \u00eatre modifi\u00e9 sans pr\u00e9avis.<\/p>\n<\/li>\n<li data-start=\"989\" data-end=\"1175\">\n<p data-start=\"991\" data-end=\"1175\">Ce site utilise des cookies pour suivre les pr\u00e9f\u00e9rences de navigation. Si vous autorisez l\u2019utilisation de cookies, certaines informations personnelles peuvent \u00eatre stock\u00e9es par nous.<\/p>\n<\/li>\n<li data-start=\"1176\" data-end=\"1570\">\n<p data-start=\"1178\" data-end=\"1570\">Ni nous ni des tiers ne garantissons l\u2019exactitude, la pertinence, la performance, l\u2019exhaustivit\u00e9 ou l\u2019ad\u00e9quation des informations et documents pr\u00e9sents ou propos\u00e9s sur ce site et application mobile pour un usage particulier. Vous reconnaissez que ces informations peuvent contenir des erreurs ou des inexactitudes, et nous d\u00e9clinons express\u00e9ment toute responsabilit\u00e9 \u00e0 ce sujet dans la mesure permise par la loi.<\/p>\n<\/li>\n<li data-start=\"1571\" data-end=\"1816\">\n<p data-start=\"1573\" data-end=\"1816\">L\u2019utilisation des informations ou documents pr\u00e9sents sur ce site et application mobile se fait enti\u00e8rement \u00e0 vos risques et p\u00e9rils. Il vous incombe de v\u00e9rifier que les produits, services ou informations disponibles via ce site r\u00e9pondent \u00e0 vos besoins sp\u00e9cifiques.<\/p>\n<\/li>\n<li data-start=\"1817\" data-end=\"2138\">\n<p data-start=\"1819\" data-end=\"2138\">Ce site et application mobile contient des \u00e9l\u00e9ments qui sont la propri\u00e9t\u00e9 ou sous licence de TREKFIT. Cela inclut, sans s\u2019y limiter, la conception, la mise en page, l\u2019apparence et les graphismes. Toute reproduction est interdite sauf accord contraire stipul\u00e9 dans la notice de droits d\u2019auteur, qui fait partie int\u00e9grante de ces conditions.<\/p>\n<\/li>\n<li data-start=\"2139\" data-end=\"2282\">\n<p data-start=\"2141\" data-end=\"2282\">Toutes les marques d\u00e9pos\u00e9es reproduites sur ce site et application mobile qui ne sont pas la propri\u00e9t\u00e9 ou sous licence de l\u2019op\u00e9rateur sont reconnues sur le site et application mobile.<\/p>\n<\/li>\n<li data-start=\"2283\" data-end=\"2417\">\n<p data-start=\"2285\" data-end=\"2417\">L\u2019utilisation non autoris\u00e9e de ce site et application mobile peut entra\u00eener des demandes de dommages et int\u00e9r\u00eats et\/ou constituer une infraction p\u00e9nale.<\/p>\n<\/li>\n<li data-start=\"2418\" data-end=\"2701\">\n<p data-start=\"2420\" data-end=\"2701\">Ce site et application mobile peut contenir, de temps \u00e0 autre, des liens vers d\u2019autres sites web. Ces liens sont fournis pour votre commodit\u00e9 afin d\u2019obtenir plus d\u2019informations. Ils ne signifient pas que nous approuvons ces sites. Nous n\u2019avons aucune responsabilit\u00e9 quant au contenu de ces sites li\u00e9s.<\/p>\n<\/li>\n<li data-start=\"2702\" data-end=\"2825\">\n<p data-start=\"2704\" data-end=\"2825\">L\u2019utilisation de ce site et application mobile et tout litige qui pourrait en d\u00e9couler sont soumis aux lois de la province de Qu\u00e9bec, Canada.<\/p>\n<\/li>\n<\/ul>\n","protected":false},"excerpt":{"rendered":"<p>Bienvenue sur le site web de TREKFIT. En continuant \u00e0 naviguer et \u00e0 utiliser ce site et l&rsquo;application mobile TREKFIT, vous acceptez de respecter et <a href=\"https:\/\/trekfit.ca\/fr\/legal\/\" class=\"more-link\">&#8230;<span class=\"screen-reader-text\">  L\u00e9gal<\/span><\/a><\/p>\n","protected":false},"author":1,"featured_media":0,"parent":0,"menu_order":10,"comment_status":"closed","ping_status":"closed","template":"","meta":{"_acf_changed":false,"footnotes":""},"class_list":["post-3247","page","type-page","status-publish","hentry"],"acf":[],"_links":{"self":[{"href":"https:\/\/trekfit.ca\/fr\/wp-json\/wp\/v2\/pages\/3247","targetHints":{"allow":["GET"]}}],"collection":[{"href":"https:\/\/trekfit.ca\/fr\/wp-json\/wp\/v2\/pages"}],"about":[{"href":"https:\/\/trekfit.ca\/fr\/wp-json\/wp\/v2\/types\/page"}],"author":[{"embeddable":true,"href":"https:\/\/trekfit.ca\/fr\/wp-json\/wp\/v2\/users\/1"}],"replies":[{"embeddable":true,"href":"https:\/\/trekfit.ca\/fr\/wp-json\/wp\/v2\/comments?post=3247"}],"version-history":[{"count":4,"href":"https:\/\/trekfit.ca\/fr\/wp-json\/wp\/v2\/pages\/3247\/revisions"}],"predecessor-version":[{"id":5016,"href":"https:\/\/trekfit.ca\/fr\/wp-json\/wp\/v2\/pages\/3247\/revisions\/5016"}],"wp:attachment":[{"href":"https:\/\/trekfit.ca\/fr\/wp-json\/wp\/v2\/media?parent=3247"}],"curies":[{"name":"wp","href":"https:\/\/api.w.org\/{rel}","templated":true}]}}