{"id":3246,"date":"2025-04-08T11:42:12","date_gmt":"2025-04-08T15:42:12","guid":{"rendered":"https:\/\/trekfit.ca\/politique-de-confidentialite\/"},"modified":"2026-03-26T12:44:21","modified_gmt":"2026-03-26T16:44:21","slug":"politique-de-confidentialite","status":"publish","type":"page","link":"https:\/\/trekfit.ca\/fr\/politique-de-confidentialite\/","title":{"rendered":"Politique de confidentialit\u00e9"},"content":{"rendered":"<p data-start=\"97\" data-end=\"129\"><strong data-start=\"97\" data-end=\"129\">Politique de confidentialit\u00e9<\/strong><\/p>\n<p data-start=\"131\" data-end=\"281\">Cette politique de confidentialit\u00e9 explique comment TREKFIT utilise et prot\u00e8ge les informations que vous fournissez lorsque vous utilisez ce site web et l&rsquo;application mobile TREKFIT.<\/p>\n<p data-start=\"283\" data-end=\"591\">TREKFIT s\u2019engage \u00e0 assurer la protection de votre vie priv\u00e9e. Si nous vous demandons de fournir certaines informations permettant de vous identifier lors de l\u2019utilisation de ce site ou application, vous pouvez \u00eatre assur\u00e9 que ces informations seront utilis\u00e9es uniquement conform\u00e9ment \u00e0 cette d\u00e9claration de confidentialit\u00e9.<\/p>\n<p data-start=\"593\" data-end=\"847\">TREKFIT peut modifier cette politique de temps \u00e0 autre en mettant \u00e0 jour cette page. Vous devriez consulter cette page r\u00e9guli\u00e8rement afin de vous assurer que vous \u00eates satisfait de tout changement. Cette politique est en vigueur depuis le 1er avril 2012.<\/p>\n<hr data-start=\"849\" data-end=\"852\" \/>\n<p data-start=\"854\" data-end=\"897\"><strong data-start=\"854\" data-end=\"897\">Quelles informations recueillons-nous ?<\/strong><\/p>\n<p data-start=\"899\" data-end=\"952\">Nous pouvons collecter les informations suivantes :<\/p>\n<ul>\n<li data-start=\"953\" data-end=\"972\">\n<p data-start=\"955\" data-end=\"972\">nom et fonction<\/p>\n<\/li>\n<li data-start=\"973\" data-end=\"1014\">\n<p data-start=\"975\" data-end=\"1014\">coordonn\u00e9es, y compris adresse e-mail<\/p>\n<\/li>\n<li data-start=\"1015\" data-end=\"1103\">\n<p data-start=\"1017\" data-end=\"1103\">informations d\u00e9mographiques telles que code postal, pr\u00e9f\u00e9rences et centres d\u2019int\u00e9r\u00eat<\/p>\n<\/li>\n<li data-start=\"1106\" data-end=\"1182\">autres informations pertinentes pour des enqu\u00eates clients et\/ou des offres.Nous ne collectons pas d&rsquo;information sur votre sant\u00e9 physique, ni sur le site TREKFIT ni sur l&rsquo;application mobile de TREKFIT.<\/li>\n<\/ul>\n<hr data-start=\"1184\" data-end=\"1187\" \/>\n<p data-start=\"1189\" data-end=\"1233\"><strong data-start=\"1189\" data-end=\"1233\">Utilisation des informations recueillies<\/strong><\/p>\n<p data-start=\"1235\" data-end=\"1356\">Nous utilisons ces informations pour mieux comprendre vos besoins et vous fournir un meilleur service, notamment pour :<\/p>\n<ul data-start=\"1357\" data-end=\"1817\">\n<li data-start=\"1357\" data-end=\"1389\">\n<p data-start=\"1359\" data-end=\"1389\">tenir des registres internes<\/p>\n<\/li>\n<li data-start=\"1390\" data-end=\"1428\">\n<p data-start=\"1392\" data-end=\"1428\">am\u00e9liorer nos produits et services<\/p>\n<\/li>\n<li data-start=\"1429\" data-end=\"1652\">\n<p data-start=\"1431\" data-end=\"1652\">vous envoyer p\u00e9riodiquement des courriels promotionnels concernant de nouveaux produits, des offres sp\u00e9ciales ou d\u2019autres informations susceptibles de vous int\u00e9resser, en utilisant l\u2019adresse e-mail que vous avez fournie<\/p>\n<\/li>\n<li data-start=\"1653\" data-end=\"1759\">\n<p data-start=\"1655\" data-end=\"1759\">vous contacter, de temps \u00e0 autre, \u00e0 des fins d\u2019\u00e9tudes de march\u00e9 par e-mail, t\u00e9l\u00e9phone, fax ou courrier<\/p>\n<\/li>\n<li data-start=\"1760\" data-end=\"1817\">\n<p data-start=\"1762\" data-end=\"1817\">personnaliser le site web et l&rsquo;app mobile selon vos centres d\u2019int\u00e9r\u00eat<\/p>\n<\/li>\n<\/ul>\n<hr data-start=\"1819\" data-end=\"1822\" \/>\n<p data-start=\"1824\" data-end=\"1836\"><strong data-start=\"1824\" data-end=\"1836\">S\u00e9curit\u00e9<\/strong><\/p>\n<p data-start=\"1838\" data-end=\"2117\">Nous nous engageons \u00e0 garantir la s\u00e9curit\u00e9 de vos informations. Afin d\u2019\u00e9viter tout acc\u00e8s ou divulgation non autoris\u00e9s, nous avons mis en place des proc\u00e9dures physiques, \u00e9lectroniques et de gestion adapt\u00e9es pour prot\u00e9ger et s\u00e9curiser les informations que nous collectons en ligne.<\/p>\n<hr data-start=\"2119\" data-end=\"2122\" \/>\n<p data-start=\"2124\" data-end=\"2151\"><strong data-start=\"2124\" data-end=\"2151\">Utilisation des cookies<\/strong><\/p>\n<p data-start=\"2153\" data-end=\"2555\">Un cookie est un petit fichier qui demande la permission d\u2019\u00eatre plac\u00e9 sur le disque dur de votre ordinateur. Une fois accept\u00e9, ce fichier est ajout\u00e9 et le cookie aide \u00e0 analyser le trafic web ou vous informe lorsque vous visitez un site particulier. Les cookies permettent aux applications web de r\u00e9pondre \u00e0 vos besoins individuels, en recueillant et en m\u00e9morisant des informations sur vos pr\u00e9f\u00e9rences.<\/p>\n<p data-start=\"2557\" data-end=\"2796\">Nous utilisons des cookies pour analyser les pages utilis\u00e9es, ce qui nous aide \u00e0 am\u00e9liorer notre site afin de mieux r\u00e9pondre aux besoins des utilisateurs. Ces informations sont uniquement utilis\u00e9es \u00e0 des fins statistiques, puis supprim\u00e9es.<\/p>\n<p data-start=\"2798\" data-end=\"3044\">Les cookies nous permettent de vous offrir un meilleur site et app. mobile en surveillant les pages que vous trouvez utiles. Un cookie ne donne jamais acc\u00e8s \u00e0 votre ordinateur ni \u00e0 des informations personnelles autres que celles que vous choisissez de partager.<\/p>\n<p data-start=\"3046\" data-end=\"3314\">Vous pouvez choisir d\u2019accepter ou de refuser les cookies. La plupart des navigateurs acceptent automatiquement les cookies, mais vous pouvez modifier les param\u00e8tres de votre navigateur pour les refuser. Cela peut toutefois vous emp\u00eacher de profiter pleinement du site.<\/p>\n<hr data-start=\"3316\" data-end=\"3319\" \/>\n<p data-start=\"3321\" data-end=\"3350\"><strong data-start=\"3321\" data-end=\"3350\">Liens vers d\u2019autres sites<\/strong><\/p>\n<p data-start=\"3352\" data-end=\"3864\">Notre site ou application mobile peuvent contenir des liens vers d\u2019autres sites web d\u2019int\u00e9r\u00eat. Une fois que vous avez utilis\u00e9 ces liens pour quitter notre site, notez que nous n\u2019avons aucun contr\u00f4le sur ces autres sites. Nous ne pouvons donc pas \u00eatre responsables de la protection et de la confidentialit\u00e9 des informations que vous leur fournissez. Ces sites ne sont pas soumis \u00e0 cette politique de confidentialit\u00e9. Nous vous recommandons de faire preuve de prudence et de consulter les politiques de confidentialit\u00e9 propres \u00e0 ces sites.<\/p>\n<hr data-start=\"3866\" data-end=\"3869\" \/>\n<p data-start=\"3871\" data-end=\"3916\"><strong data-start=\"3871\" data-end=\"3916\">Contr\u00f4le de vos informations personnelles<\/strong><\/p>\n<p data-start=\"3918\" data-end=\"4037\">Vous pouvez choisir de limiter la collecte ou l\u2019utilisation de vos informations personnelles de la mani\u00e8re suivante :<\/p>\n<ul data-start=\"4038\" data-end=\"4424\">\n<li data-start=\"4038\" data-end=\"4215\">\n<p data-start=\"4040\" data-end=\"4215\">lorsque vous remplissez un formulaire sur notre site, cochez la case indiquant que vous ne souhaitez pas que vos informations soient utilis\u00e9es \u00e0 des fins de marketing direct<\/p>\n<\/li>\n<li data-start=\"4216\" data-end=\"4424\">\n<p data-start=\"4218\" data-end=\"4424\">si vous avez pr\u00e9c\u00e9demment consenti \u00e0 l\u2019utilisation de vos informations pour le marketing direct, vous pouvez changer d\u2019avis \u00e0 tout moment en nous \u00e9crivant ou en nous envoyant un courriel \u00e0 <a class=\"cursor-pointer\" rel=\"noopener\" data-start=\"4407\" data-end=\"4422\">info@trekfit.ca<\/a><\/p>\n<\/li>\n<\/ul>\n<p data-start=\"4426\" data-end=\"4716\">Nous ne vendrons, distribuerons ni louerons vos informations personnelles \u00e0 des tiers sans votre permission, sauf si la loi l\u2019exige. Nous pouvons utiliser vos informations pour vous envoyer des informations promotionnelles de tiers susceptibles de vous int\u00e9resser, si vous nous y autorisez.<\/p>\n<p data-start=\"4718\" data-end=\"4945\">Si vous pensez que des informations que nous d\u00e9tenons \u00e0 votre sujet sont incorrectes ou incompl\u00e8tes, veuillez nous \u00e9crire ou nous envoyer un courriel \u00e0 l\u2019adresse info@trekfit.ca. Nous corrigerons rapidement toute information erron\u00e9e.<\/p>\n","protected":false},"excerpt":{"rendered":"<p>Politique de confidentialit\u00e9 Cette politique de confidentialit\u00e9 explique comment TREKFIT utilise et prot\u00e8ge les informations que vous fournissez lorsque vous utilisez ce site web et <a href=\"https:\/\/trekfit.ca\/fr\/politique-de-confidentialite\/\" class=\"more-link\">&#8230;<span class=\"screen-reader-text\">  Politique de confidentialit\u00e9<\/span><\/a><\/p>\n","protected":false},"author":1,"featured_media":0,"parent":0,"menu_order":9,"comment_status":"closed","ping_status":"open","template":"","meta":{"_acf_changed":false,"footnotes":""},"class_list":["post-3246","page","type-page","status-publish","hentry"],"acf":[],"_links":{"self":[{"href":"https:\/\/trekfit.ca\/fr\/wp-json\/wp\/v2\/pages\/3246","targetHints":{"allow":["GET"]}}],"collection":[{"href":"https:\/\/trekfit.ca\/fr\/wp-json\/wp\/v2\/pages"}],"about":[{"href":"https:\/\/trekfit.ca\/fr\/wp-json\/wp\/v2\/types\/page"}],"author":[{"embeddable":true,"href":"https:\/\/trekfit.ca\/fr\/wp-json\/wp\/v2\/users\/1"}],"replies":[{"embeddable":true,"href":"https:\/\/trekfit.ca\/fr\/wp-json\/wp\/v2\/comments?post=3246"}],"version-history":[{"count":7,"href":"https:\/\/trekfit.ca\/fr\/wp-json\/wp\/v2\/pages\/3246\/revisions"}],"predecessor-version":[{"id":5013,"href":"https:\/\/trekfit.ca\/fr\/wp-json\/wp\/v2\/pages\/3246\/revisions\/5013"}],"wp:attachment":[{"href":"https:\/\/trekfit.ca\/fr\/wp-json\/wp\/v2\/media?parent=3246"}],"curies":[{"name":"wp","href":"https:\/\/api.w.org\/{rel}","templated":true}]}}